{"id":41,"date":"2024-08-03T10:12:45","date_gmt":"2024-08-03T10:12:45","guid":{"rendered":"https:\/\/wp.rrdevs.net\/delishs\/?page_id=41"},"modified":"2026-01-21T22:39:53","modified_gmt":"2026-01-21T22:39:53","slug":"contact","status":"publish","type":"page","link":"https:\/\/16artrestaurant.com\/fr\/contact\/","title":{"rendered":"Contact"},"content":{"rendered":"<div data-elementor-type=\"wp-page\" data-elementor-id=\"41\" class=\"elementor elementor-41\" data-elementor-post-type=\"page\">\n\t\t\t\t<div class=\"elementor-element elementor-element-15b6d80 e-con-full e-flex e-con e-parent\" data-id=\"15b6d80\" data-element_type=\"container\">\n\t\t\t\t<div class=\"elementor-element elementor-element-85a0bf1 elementor-widget elementor-widget-delishs_contact_info\" data-id=\"85a0bf1\" data-element_type=\"widget\" data-widget_type=\"delishs_contact_info.default\">\n\t\t\t\t<div class=\"elementor-widget-container\">\n\t\t\t\t\t\r\n            <section class=\"contact-us overflow-hidden\">\r\n                <div class=\"contact-us__map\">\r\n                    <iframe src=\"https:\/\/www.google.com\/maps\/embed?pb=!1m18!1m12!1m3!1d14600.157880481716!2d90.35107202273903!3d23.81719545680701!2m3!1f0!2f0!3f0!3m2!1i1024!2i768!4f13.1!3m3!1m2!1s0x3755c12c1b289e39%3A0x8d3bdfb80d3ebe88!2sRd%20No.%204%2C%20Dhaka%201216!5e0!3m2!1sen!2sbd!4v1701837409513!5m2!1sen!2sbd\" width=\"600\" height=\"450\" style=\"border:0;\" allowfullscreen=\"\" loading=\"lazy\" referrerpolicy=\"no-referrer-when-downgrade\"><\/iframe>\r\n                <\/div>\r\n\r\n                <div class=\"container\">\r\n                    <div class=\"contact-us__information-wrapper wow clip-a-z\">\r\n                                                    <h5 class=\"text-uppercase mb-10\">Find Food Lounge<\/h5>\r\n                                                                            <p>Completely recapitalize 24\/7 communities via standards compliant metrics whereas.<\/p>\r\n                                                                            <div class=\"contact-us__information__item\">\r\n                                                                    <div class=\"icon\">\r\n                                        <svg aria-hidden=\"true\" class=\"e-font-icon-svg e-fas-phone-alt\" viewbox=\"0 0 512 512\" xmlns=\"http:\/\/www.w3.org\/2000\/svg\"><path d=\"M497.39 361.8l-112-48a24 24 0 0 0-28 6.9l-49.6 60.6A370.66 370.66 0 0 1 130.6 204.11l60.6-49.6a23.94 23.94 0 0 0 6.9-28l-48-112A24.16 24.16 0 0 0 122.6.61l-104 24A24 24 0 0 0 0 48c0 256.5 207.9 464 464 464a24 24 0 0 0 23.4-18.6l24-104a24.29 24.29 0 0 0-14.01-27.6z\"><\/path><\/svg>                                    <\/div>\r\n                                                                                                    <div class=\"text\">\r\n                                        <span>Phone Number & Email<\/span>\r\n                                        <a href=\"tel:\">\r\n                                            +(310) 2591 21563                                        <\/a>\r\n                                        <a href=\"mailto:help-delish@gmail.com\">\r\n                                            help-delish@gmail.com                                        <\/a>\r\n                                    <\/div>\r\n                                                            <\/div>\r\n                                                    <div class=\"contact-us__information__item\">\r\n                                                                    <div class=\"icon\">\r\n                                        <svg aria-hidden=\"true\" class=\"e-font-icon-svg e-fas-map-marker-alt\" viewbox=\"0 0 384 512\" xmlns=\"http:\/\/www.w3.org\/2000\/svg\"><path d=\"M172.268 501.67C26.97 291.031 0 269.413 0 192 0 85.961 85.961 0 192 0s192 85.961 192 192c0 77.413-26.97 99.031-172.268 309.67-9.535 13.774-29.93 13.773-39.464 0zM192 272c44.183 0 80-35.817 80-80s-35.817-80-80-80-80 35.817-80 80 35.817 80 80 80z\"><\/path><\/svg>                                    <\/div>\r\n                                                                                                    <div class=\"text\">\r\n                                        <span>Our Office Address<\/span>\r\n                                        <a href=\"https:\/\/maps.app.goo.gl\/1N77c8d8zieLRaot7\">\r\n                                            258 Dancing Street, Miland Line, HUYI 21563, NewYork                                        <\/a>\r\n                                    <\/div>\r\n                                                            <\/div>\r\n                                                    <div class=\"contact-us__information__item\">\r\n                                                                    <div class=\"icon\">\r\n                                        <svg aria-hidden=\"true\" class=\"e-font-icon-svg e-fas-clock\" viewbox=\"0 0 512 512\" xmlns=\"http:\/\/www.w3.org\/2000\/svg\"><path d=\"M256,8C119,8,8,119,8,256S119,504,256,504,504,393,504,256,393,8,256,8Zm92.49,313h0l-20,25a16,16,0,0,1-22.49,2.5h0l-67-49.72a40,40,0,0,1-15-31.23V112a16,16,0,0,1,16-16h32a16,16,0,0,1,16,16V256l58,42.5A16,16,0,0,1,348.49,321Z\"><\/path><\/svg>                                    <\/div>\r\n                                                                                                    <div class=\"text\">\r\n                                        <span>Official Work Time<\/span>\r\n                                        <div>7:00am - 6:00pm ( Mon - Fri )<\/div>\r\n                                        <div class=\"holiday\">Sat, Sun &amp; <span>Holiday Closed<\/span><\/div>\r\n                                    <\/div>\r\n                                                            <\/div>\r\n                                            <\/div>\r\n                <\/div>\r\n            <\/section>\r\n\r\n        \t\t\t\t<\/div>\n\t\t\t\t<\/div>\n\t\t\t\t<\/div>\n\t\t<div class=\"elementor-element elementor-element-9f2696a e-con-full e-flex e-con e-parent\" data-id=\"9f2696a\" data-element_type=\"container\">\n\t\t\t\t<div class=\"elementor-element elementor-element-da12ec0 elementor-widget elementor-widget-delishs_cta\" data-id=\"da12ec0\" data-element_type=\"widget\" data-widget_type=\"delishs_cta.default\">\n\t\t\t\t<div class=\"elementor-widget-container\">\n\t\t\t\t\t\r\n        \r\n            <section class=\"delishs-el-section cta-2\" data-background=\"https:\/\/wp.rrdevs.net\/delishs\/wp-content\/uploads\/2024\/08\/cta.jpg\">\r\n                <div class=\"container\">\r\n                    <div class=\"row g-24\">\r\n                        <div class=\"col-12\">\r\n                            <div class=\"cta-2__content\">\r\n                                <div class=\"cta-2__content-text\">\r\n                                                                            <span class=\"delishs-el-section-subheading text-uppercase\">\u00d6zel anlar \u00f6zenle planlan\u0131r<\/span>\r\n                                                                                                                <h3 class=\"delishs-el-section-title text-uppercase title-animation\">\r\n                                            <a href=\"https:\/\/16artrestaurant.com\/fr\/reservation\/\" class=\"delishs-el-button\">\r\n                                                Unutulmaz bir ak\u015fam i\u00e7in rezervasyon yap\u0131n                                            <\/a>\r\n                                        <\/h3>\r\n                                                                    <\/div>\r\n                                <a href=\"https:\/\/16artrestaurant.com\/fr\/reservation\/\" class=\"delishs-el-button-two btn-book\">\r\n                                    YER\u0130N\u0130Z\u0130 AYIRTIN                                <\/a>\r\n                            <\/div>\r\n                        <\/div>\r\n                    <\/div>\r\n                <\/div>\r\n            <\/section>\r\n\r\n                \t\t\t\t<\/div>\n\t\t\t\t<\/div>\n\t\t\t\t<\/div>\n\t\t\t\t<\/div>","protected":false},"excerpt":{"rendered":"<p>Find Food Lounge Completely recapitalize 24\/7 communities via standards compliant metrics whereas. Phone Number &#038; Email +(310) 2591 21563 help-delish@gmail.com Our Office Address 258 Dancing Street, Miland Line, HUYI 21563, NewYork Official Work Time 7:00am &#8211; 6:00pm ( Mon &#8211; Fri ) Sat, Sun &amp; Holiday Closed \u00d6zel anlar \u00f6zenle planlan\u0131r Unutulmaz bir ak\u015fam i\u00e7in [&hellip;]<\/p>","protected":false},"author":1,"featured_media":0,"parent":0,"menu_order":0,"comment_status":"closed","ping_status":"closed","template":"elementor_header_footer","meta":{"_acf_changed":false,"_monsterinsights_skip_tracking":false,"_monsterinsights_sitenote_active":false,"_monsterinsights_sitenote_note":"","_monsterinsights_sitenote_category":0,"footnotes":""},"class_list":["post-41","page","type-page","status-publish","hentry"],"acf":[],"aioseo_notices":[],"_hostinger_reach_plugin_has_subscription_block":false,"_hostinger_reach_plugin_is_elementor":false,"_links":{"self":[{"href":"https:\/\/16artrestaurant.com\/fr\/wp-json\/wp\/v2\/pages\/41","targetHints":{"allow":["GET"]}}],"collection":[{"href":"https:\/\/16artrestaurant.com\/fr\/wp-json\/wp\/v2\/pages"}],"about":[{"href":"https:\/\/16artrestaurant.com\/fr\/wp-json\/wp\/v2\/types\/page"}],"author":[{"embeddable":true,"href":"https:\/\/16artrestaurant.com\/fr\/wp-json\/wp\/v2\/users\/1"}],"replies":[{"embeddable":true,"href":"https:\/\/16artrestaurant.com\/fr\/wp-json\/wp\/v2\/comments?post=41"}],"version-history":[{"count":3,"href":"https:\/\/16artrestaurant.com\/fr\/wp-json\/wp\/v2\/pages\/41\/revisions"}],"predecessor-version":[{"id":1321,"href":"https:\/\/16artrestaurant.com\/fr\/wp-json\/wp\/v2\/pages\/41\/revisions\/1321"}],"wp:attachment":[{"href":"https:\/\/16artrestaurant.com\/fr\/wp-json\/wp\/v2\/media?parent=41"}],"curies":[{"name":"wp","href":"https:\/\/api.w.org\/{rel}","templated":true}]}}