{"id":26,"date":"2024-08-03T10:06:24","date_gmt":"2024-08-03T10:06:24","guid":{"rendered":"https:\/\/wp.rrdevs.net\/delishs\/?page_id=26"},"modified":"2026-01-21T22:39:49","modified_gmt":"2026-01-21T22:39:49","slug":"about","status":"publish","type":"page","link":"https:\/\/16artrestaurant.com\/fr\/about\/","title":{"rendered":"\u00c0 propos de nous"},"content":{"rendered":"<div data-elementor-type=\"wp-page\" data-elementor-id=\"26\" class=\"elementor elementor-26\" data-elementor-post-type=\"page\">\n\t\t\t\t<div class=\"elementor-element elementor-element-4d56a70 e-con-full e-flex e-con e-parent\" data-id=\"4d56a70\" data-element_type=\"container\">\n\t\t\t\t<div class=\"elementor-element elementor-element-c03af5f elementor-widget elementor-widget-delishs_about\" data-id=\"c03af5f\" data-element_type=\"widget\" data-widget_type=\"delishs_about.default\">\n\t\t\t\t<div class=\"elementor-widget-container\">\n\t\t\t\t\t\r\n    \r\n        <section class=\"delishs-el-section about-our-company section-space overflow-hidden\">\r\n            <div class=\"container\">\r\n                                <div class=\"row g-24 align-items-center\">\r\n                    <div class=\"col-lg-6\">\r\n                        <div class=\"about-our-company__media wow clip-a-z\">\r\n                            <img decoding=\"async\" class=\"img-fluid\" src=\"https:\/\/16artrestaurant.com\/wp-content\/uploads\/2024\/08\/about-food.png\" alt=\"\">\r\n                        <\/div>\r\n                    <\/div>\r\n                    <div class=\"col-lg-6\">\r\n                        <div class=\"section__title-wrapper about-our-company__content\">\r\n                                                            <span class=\"delishs-el-section-subheading section__subtitle justify-content-center mb-20 mb-xs-15 wow clip-a-z\">\r\n                                    Detaylarda Sakl\u0131 Bir Ustal\u0131k                                <\/span>\r\n                                                                                        <h2 class=\"delishs-el-section-title section__title section__title-line-height-50 mb-35 mb-xs-30 title-animation\">\r\n                                    Gastronominin \u0130ncelikle Yorumland\u0131\u011f\u0131 Bir Deneyim                                <\/h2>\r\n                                                                                        <p class=\"delishs-el-section-description mb-40 mb-xs-30 section__p-18\">\r\n                                    Gastronomiyi bir zanaat ve anlat\u0131m bi\u00e7imi olarak ele alan 16artrestaurant, k\u00f6kl\u00fc ge\u00e7mi\u015finden ald\u0131\u011f\u0131 deneyimi \u00e7a\u011fda\u015f fine dining anlay\u0131\u015f\u0131yla harmanlayarak misafirlerine zamans\u0131z bir lezzet yolculu\u011fu sunar. Her tabak; teknik ustal\u0131k, estetik denge ve malzeme kalitesinin kusursuz birlikteli\u011fini yans\u0131t\u0131r. Burada yemek, yaln\u0131zca servis edilen bir \u00fcr\u00fcn de\u011fil; planlanan, kurgulanan ve hissettirilmek istenen b\u00fct\u00fcnc\u00fcl bir deneyimin par\u00e7as\u0131d\u0131r.\n\n                                <\/p>\r\n                            \r\n                            <div class=\"about-our-company__content-btn\">\r\n                                                                    <div class=\"about-our-company__content-btn-icon\">\r\n                                        <i aria-hidden=\"true\" class=\"fas fa-star solid\"><\/i>                                    <\/div>\r\n                                                                <div class=\"about-our-company__content-btn-text\">\r\n                                                                            <span>REZREVASYON<\/span>\r\n                                                                                                                <h6>\r\n                                            <a href=\"tel:+25632542568\">\r\n                                                +256 3254-2568                                            <\/a>\r\n                                        <\/h6>\r\n                                                                    <\/div>\r\n                            <\/div>\r\n                        <\/div>\r\n                    <\/div>\r\n                <\/div>\r\n            <\/div>\r\n        <\/section>\r\n\r\n    \t\t\t\t<\/div>\n\t\t\t\t<\/div>\n\t\t<div class=\"elementor-element elementor-element-1676cd2 e-flex e-con-boxed e-con e-child\" data-id=\"1676cd2\" data-element_type=\"container\">\n\t\t\t\t\t<div class=\"e-con-inner\">\n\t\t\t\t<div class=\"elementor-element elementor-element-216d5b4 elementor-widget elementor-widget-text-editor\" data-id=\"216d5b4\" data-element_type=\"widget\" data-widget_type=\"text-editor.default\">\n\t\t\t\t\t\t\t\t\t<p data-start=\"248\" data-end=\"690\">Mutfa\u011f\u0131m\u0131zda mevsimsellik, s\u00fcrd\u00fcr\u00fclebilirlik ve \u00fcr\u00fcn\u00fcn do\u011fas\u0131na sayg\u0131 temel ilkelerimizdir. Usta \u015feflerimiz taraf\u0131ndan \u00f6zenle se\u00e7ilen yerel ve uluslararas\u0131 hammaddeler, modern pi\u015firme teknikleriyle yeniden yorumlan\u0131r. Men\u00fc, klasik tatlara \u00e7a\u011fda\u015f dokunu\u015flar eklerken; her sunum, lezzet kadar g\u00f6rsel haf\u0131zaya da hitap eder. Yemeklerimizi tamamlayan se\u00e7kin \u015farap koleksiyonumuz, sommelier dokunu\u015fuyla kusursuz e\u015fle\u015fmeler sunar; \u00f6zel kokteyl ve premium i\u00e7ecek se\u00e7eneklerimiz ise deneyimi rafine bir dengeye ta\u015f\u0131r.<\/p>\n<p data-start=\"1203\" data-end=\"1653\">Misafirperverlik anlay\u0131\u015f\u0131m\u0131z, g\u00f6r\u00fcnmeyen detaylarda kendini g\u00f6sterir. Sessiz ama kusursuz ilerleyen servis ritmi, profesyonel ekip koordinasyonu ve ki\u015fiye \u00f6zel yakla\u015f\u0131m, her masada ayn\u0131 titizlikle uygulan\u0131r. Rezervasyon ayr\u0131cal\u0131klar\u0131m\u0131z sayesinde misafirlerimize; \u00f6zel g\u00fcnlere uygun masa planlamalar\u0131, ki\u015fiselle\u015ftirilmi\u015f servis ak\u0131\u015f\u0131 ve beklentileri \u00f6nceden \u00f6ng\u00f6ren bir deneyim sunar\u0131z. Bu yakla\u015f\u0131m, her ziyareti standart bir ak\u015fam yeme\u011finden ay\u0131r\u0131r.<\/p>\n<p data-start=\"1655\" data-end=\"1984\">Ambiyans\u0131m\u0131z, fine dining felsefesini tamamlayan \u00f6nemli bir unsurdur. Mimari sadelik, \u0131\u015f\u0131k dengesi, masa aral\u0131klar\u0131 ve akustik d\u00fczen; konforu ve mahremiyeti \u00f6n planda tutacak \u015fekilde tasarlanm\u0131\u015ft\u0131r. <strong data-start=\"1854\" data-end=\"1873\">16artrestaurant<\/strong>, g\u00f6steri\u015ften uzak ama derin bir l\u00fcks anlay\u0131\u015f\u0131yla, misafirlerinin kendini \u00f6zel hissetti\u011fi bir atmosfer yarat\u0131r.<\/p>\n<p data-start=\"1655\" data-end=\"1984\">\u00d6zel davetler, i\u015f yemekleri ve anlaml\u0131 kutlamalar i\u00e7in kusursuz bir sahne sunan <strong data-start=\"2066\" data-end=\"2085\">16artrestaurant<\/strong>, gastronomiyi y\u00fcksek hizmet standartlar\u0131yla bulu\u015fturur. Bizim i\u00e7in ger\u00e7ek ayr\u0131cal\u0131k; misafirlerimizin mek\u00e2ndan ayr\u0131ld\u0131ktan sonra dahi hat\u0131rlad\u0131\u011f\u0131 tatlarda, hislerde ve kusursuzluk alg\u0131s\u0131nda sakl\u0131d\u0131r.<\/p>\t\t\t\t\t\t\t\t<\/div>\n\t\t\t\t\t<\/div>\n\t\t\t\t<\/div>\n\t\t\t\t<\/div>\n\t\t<div class=\"elementor-element elementor-element-25dfe4c e-con-full e-flex e-con e-parent\" data-id=\"25dfe4c\" data-element_type=\"container\">\n\t\t\t\t<div class=\"elementor-element elementor-element-59db430 elementor-widget elementor-widget-delishs_gallery_slider\" data-id=\"59db430\" data-element_type=\"widget\" data-widget_type=\"delishs_gallery_slider.default\">\n\t\t\t\t<div class=\"elementor-widget-container\">\n\t\t\t\t\t\r\n        \r\n            <section class=\"delishs-el-section food-gallery section-space section-bg-4\" data-background=\"https:\/\/16artrestaurant.com\/wp-content\/themes\/delishs\/assets\/imgs\/food-gallery\/bg.png\">\r\n                <div class=\"container\">\r\n                    <div class=\"row g-24\">\r\n                        <div class=\"col-12\">\r\n                            <div class=\"delishs-el-section-title-spacing section__title-wrapper text-center mb-70 mb-sm-50 mb-xs-40\">\r\n                                                                    <span class=\"delishs-el-section-subheading section__subtitle justify-content-center mb-10 mb-xs-5 wow clip-a-z\">\r\n                                        YEMEK GALER\u0130S\u0130                                    <\/span>\r\n                                                                                                    <h2 class=\"delishs-el-section-title section__title mb-10 mb-xs-5 title-animation\">\r\n                                        LEZZETLER\u0130M\u0130ZDEN BAZILARI                                    <\/h2>\r\n                                                                                                    <div class=\"dot-shpae wow clip-a-z\">\r\n                                        <img decoding=\"async\" class=\"img-fluid\" src=\"https:\/\/16artrestaurant.com\/wp-content\/themes\/delishs\/assets\/imgs\/section-title\/dot-shape.svg\" alt=\"not found\">\r\n                                    <\/div>\r\n                                                            <\/div>\r\n                        <\/div>\r\n                    <\/div>\r\n\r\n                    <div class=\"row g-24 mb-minus-24\">\r\n                                                <div class=\"col-lg-4 col-md-6\">\r\n                            <div class=\"food-gallery__item mb-24\">\r\n                                <div class=\"food-gallery__item-media\">\r\n                                    <img decoding=\"async\" src=\"https:\/\/16artrestaurant.com\/wp-content\/uploads\/2024\/08\/food-gallery__item-1.jpg\" alt=\"\">\r\n                                <\/div>\r\n                                <div class=\"food-gallery__item-hover\">\r\n                                    <a href=\"https:\/\/16artrestaurant.com\/wp-content\/uploads\/2024\/08\/food-gallery__item-1.jpg\" class=\"food-gallery__item-hover-icon popup-image\">\r\n                                        <i class=\"fa-regular fa-eye\"><\/i>\r\n                                    <\/a>\r\n                                <\/div>\r\n                            <\/div>\r\n                        <\/div>\r\n                                                <div class=\"col-lg-4 col-md-6\">\r\n                            <div class=\"food-gallery__item mb-24\">\r\n                                <div class=\"food-gallery__item-media\">\r\n                                    <img decoding=\"async\" src=\"https:\/\/16artrestaurant.com\/wp-content\/uploads\/2024\/08\/food-gallery__item-2.jpg\" alt=\"\">\r\n                                <\/div>\r\n                                <div class=\"food-gallery__item-hover\">\r\n                                    <a href=\"https:\/\/16artrestaurant.com\/wp-content\/uploads\/2024\/08\/food-gallery__item-2.jpg\" class=\"food-gallery__item-hover-icon popup-image\">\r\n                                        <i class=\"fa-regular fa-eye\"><\/i>\r\n                                    <\/a>\r\n                                <\/div>\r\n                            <\/div>\r\n                        <\/div>\r\n                                                <div class=\"col-lg-4 col-md-6\">\r\n                            <div class=\"food-gallery__item mb-24\">\r\n                                <div class=\"food-gallery__item-media\">\r\n                                    <img decoding=\"async\" src=\"https:\/\/16artrestaurant.com\/wp-content\/uploads\/2024\/08\/food-gallery__item-3.jpg\" alt=\"\">\r\n                                <\/div>\r\n                                <div class=\"food-gallery__item-hover\">\r\n                                    <a href=\"https:\/\/16artrestaurant.com\/wp-content\/uploads\/2024\/08\/food-gallery__item-3.jpg\" class=\"food-gallery__item-hover-icon popup-image\">\r\n                                        <i class=\"fa-regular fa-eye\"><\/i>\r\n                                    <\/a>\r\n                                <\/div>\r\n                            <\/div>\r\n                        <\/div>\r\n                                                <div class=\"col-lg-4 col-md-6\">\r\n                            <div class=\"food-gallery__item mb-24\">\r\n                                <div class=\"food-gallery__item-media\">\r\n                                    <img decoding=\"async\" src=\"https:\/\/16artrestaurant.com\/wp-content\/uploads\/2024\/08\/food-gallery__item-4.jpg\" alt=\"\">\r\n                                <\/div>\r\n                                <div class=\"food-gallery__item-hover\">\r\n                                    <a href=\"https:\/\/16artrestaurant.com\/wp-content\/uploads\/2024\/08\/food-gallery__item-4.jpg\" class=\"food-gallery__item-hover-icon popup-image\">\r\n                                        <i class=\"fa-regular fa-eye\"><\/i>\r\n                                    <\/a>\r\n                                <\/div>\r\n                            <\/div>\r\n                        <\/div>\r\n                                                <div class=\"col-lg-4 col-md-6\">\r\n                            <div class=\"food-gallery__item mb-24\">\r\n                                <div class=\"food-gallery__item-media\">\r\n                                    <img decoding=\"async\" src=\"https:\/\/16artrestaurant.com\/wp-content\/uploads\/2024\/08\/food-gallery__item-5.jpg\" alt=\"\">\r\n                                <\/div>\r\n                                <div class=\"food-gallery__item-hover\">\r\n                                    <a href=\"https:\/\/16artrestaurant.com\/wp-content\/uploads\/2024\/08\/food-gallery__item-5.jpg\" class=\"food-gallery__item-hover-icon popup-image\">\r\n                                        <i class=\"fa-regular fa-eye\"><\/i>\r\n                                    <\/a>\r\n                                <\/div>\r\n                            <\/div>\r\n                        <\/div>\r\n                                                <div class=\"col-lg-4 col-md-6\">\r\n                            <div class=\"food-gallery__item mb-24\">\r\n                                <div class=\"food-gallery__item-media\">\r\n                                    <img decoding=\"async\" src=\"https:\/\/16artrestaurant.com\/wp-content\/uploads\/2024\/08\/food-gallery__item-6.jpg\" alt=\"\">\r\n                                <\/div>\r\n                                <div class=\"food-gallery__item-hover\">\r\n                                    <a href=\"https:\/\/16artrestaurant.com\/wp-content\/uploads\/2024\/08\/food-gallery__item-6.jpg\" class=\"food-gallery__item-hover-icon popup-image\">\r\n                                        <i class=\"fa-regular fa-eye\"><\/i>\r\n                                    <\/a>\r\n                                <\/div>\r\n                            <\/div>\r\n                        <\/div>\r\n                                            <\/div>\r\n                <\/div>\r\n            <\/section>\r\n        \r\n        \r\n        \t\t\t\t<\/div>\n\t\t\t\t<\/div>\n\t\t\t\t<\/div>\n\t\t<div class=\"elementor-element elementor-element-1975c20 e-con-full e-flex e-con e-parent\" data-id=\"1975c20\" data-element_type=\"container\">\n\t\t\t\t<div class=\"elementor-element elementor-element-19f26b7 elementor-widget elementor-widget-delishs_cta\" data-id=\"19f26b7\" data-element_type=\"widget\" data-widget_type=\"delishs_cta.default\">\n\t\t\t\t<div class=\"elementor-widget-container\">\n\t\t\t\t\t\r\n        \r\n            <section class=\"delishs-el-section cta-2\" data-background=\"https:\/\/wp.rrdevs.net\/delishs\/wp-content\/uploads\/2024\/08\/cta.jpg\">\r\n                <div class=\"container\">\r\n                    <div class=\"row g-24\">\r\n                        <div class=\"col-12\">\r\n                            <div class=\"cta-2__content\">\r\n                                <div class=\"cta-2__content-text\">\r\n                                                                            <span class=\"delishs-el-section-subheading text-uppercase\">\u00d6zel anlar \u00f6zenle planlan\u0131r<\/span>\r\n                                                                                                                <h3 class=\"delishs-el-section-title text-uppercase title-animation\">\r\n                                            <a href=\"https:\/\/16artrestaurant.com\/fr\/reservation\/\" class=\"delishs-el-button\">\r\n                                                Unutulmaz bir ak\u015fam i\u00e7in rezervasyon yap\u0131n                                            <\/a>\r\n                                        <\/h3>\r\n                                                                    <\/div>\r\n                                <a href=\"https:\/\/16artrestaurant.com\/fr\/reservation\/\" class=\"delishs-el-button-two btn-book\">\r\n                                    YER\u0130N\u0130Z\u0130 AYIRTIN                                <\/a>\r\n                            <\/div>\r\n                        <\/div>\r\n                    <\/div>\r\n                <\/div>\r\n            <\/section>\r\n\r\n                \t\t\t\t<\/div>\n\t\t\t\t<\/div>\n\t\t\t\t<\/div>\n\t\t\t\t<\/div>","protected":false},"excerpt":{"rendered":"<p>Detaylarda Sakl\u0131 Bir Ustal\u0131k Gastronominin \u0130ncelikle Yorumland\u0131\u011f\u0131 Bir Deneyim Gastronomiyi bir zanaat ve anlat\u0131m bi\u00e7imi olarak ele alan 16artrestaurant, k\u00f6kl\u00fc ge\u00e7mi\u015finden ald\u0131\u011f\u0131 deneyimi \u00e7a\u011fda\u015f fine dining anlay\u0131\u015f\u0131yla harmanlayarak misafirlerine zamans\u0131z bir lezzet yolculu\u011fu sunar. Her tabak; teknik ustal\u0131k, estetik denge ve malzeme kalitesinin kusursuz birlikteli\u011fini yans\u0131t\u0131r. Burada yemek, yaln\u0131zca servis edilen bir \u00fcr\u00fcn de\u011fil; planlanan, [&hellip;]<\/p>","protected":false},"author":1,"featured_media":0,"parent":0,"menu_order":0,"comment_status":"closed","ping_status":"closed","template":"elementor_header_footer","meta":{"_acf_changed":false,"_monsterinsights_skip_tracking":false,"_monsterinsights_sitenote_active":false,"_monsterinsights_sitenote_note":"","_monsterinsights_sitenote_category":0,"footnotes":""},"class_list":["post-26","page","type-page","status-publish","hentry"],"acf":[],"aioseo_notices":[],"_hostinger_reach_plugin_has_subscription_block":false,"_hostinger_reach_plugin_is_elementor":false,"_links":{"self":[{"href":"https:\/\/16artrestaurant.com\/fr\/wp-json\/wp\/v2\/pages\/26","targetHints":{"allow":["GET"]}}],"collection":[{"href":"https:\/\/16artrestaurant.com\/fr\/wp-json\/wp\/v2\/pages"}],"about":[{"href":"https:\/\/16artrestaurant.com\/fr\/wp-json\/wp\/v2\/types\/page"}],"author":[{"embeddable":true,"href":"https:\/\/16artrestaurant.com\/fr\/wp-json\/wp\/v2\/users\/1"}],"replies":[{"embeddable":true,"href":"https:\/\/16artrestaurant.com\/fr\/wp-json\/wp\/v2\/comments?post=26"}],"version-history":[{"count":13,"href":"https:\/\/16artrestaurant.com\/fr\/wp-json\/wp\/v2\/pages\/26\/revisions"}],"predecessor-version":[{"id":1318,"href":"https:\/\/16artrestaurant.com\/fr\/wp-json\/wp\/v2\/pages\/26\/revisions\/1318"}],"wp:attachment":[{"href":"https:\/\/16artrestaurant.com\/fr\/wp-json\/wp\/v2\/media?parent=26"}],"curies":[{"name":"wp","href":"https:\/\/api.w.org\/{rel}","templated":true}]}}