{"id":1105,"date":"2026-01-14T22:35:57","date_gmt":"2026-01-14T22:35:57","guid":{"rendered":"https:\/\/16artrestaurant.com\/?page_id=1105"},"modified":"2026-01-20T21:07:46","modified_gmt":"2026-01-20T21:07:46","slug":"soguk-icecekler","status":"publish","type":"page","link":"https:\/\/16artrestaurant.com\/fr\/soguk-icecekler\/","title":{"rendered":"SO\u011eUK \u0130\u00c7ECEKLER"},"content":{"rendered":"<div data-elementor-type=\"wp-page\" data-elementor-id=\"1105\" class=\"elementor elementor-1105\" data-elementor-post-type=\"page\">\n\t\t\t\t<div class=\"elementor-element elementor-element-cae41f8 e-flex e-con-boxed e-con e-parent\" data-id=\"cae41f8\" data-element_type=\"container\">\n\t\t\t\t\t<div class=\"e-con-inner\">\n\t\t<div class=\"elementor-element elementor-element-7c62bdb e-con-full e-flex e-con e-child\" data-id=\"7c62bdb\" data-element_type=\"container\">\n\t\t\t\t<div class=\"elementor-element elementor-element-092d1e9 elementor-widget elementor-widget-button\" data-id=\"092d1e9\" data-element_type=\"widget\" data-widget_type=\"button.default\">\n\t\t\t\t\t\t\t\t\t\t<a class=\"elementor-button elementor-button-link elementor-size-sm\" href=\"https:\/\/16artrestaurant.com\/fr\/menu\/\">\n\t\t\t\t\t\t<span class=\"elementor-button-content-wrapper\">\n\t\t\t\t\t\t<span class=\"elementor-button-icon\">\n\t\t\t\t<svg aria-hidden=\"true\" class=\"e-font-icon-svg e-fas-arrow-left\" viewbox=\"0 0 448 512\" xmlns=\"http:\/\/www.w3.org\/2000\/svg\"><path d=\"M257.5 445.1l-22.2 22.2c-9.4 9.4-24.6 9.4-33.9 0L7 273c-9.4-9.4-9.4-24.6 0-33.9L201.4 44.7c9.4-9.4 24.6-9.4 33.9 0l22.2 22.2c9.5 9.5 9.3 25-.4 34.3L136.6 216H424c13.3 0 24 10.7 24 24v32c0 13.3-10.7 24-24 24H136.6l120.5 114.8c9.8 9.3 10 24.8.4 34.3z\"><\/path><\/svg>\t\t\t<\/span>\n\t\t\t\t\t\t\t\t\t<span class=\"elementor-button-text\">Ana Men\u00fcye D\u00f6n<\/span>\n\t\t\t\t\t<\/span>\n\t\t\t\t\t<\/a>\n\t\t\t\t\t\t\t\t<\/div>\n\t\t\t\t<\/div>\n\t\t\t\t\t<\/div>\n\t\t\t\t<\/div>\n\t\t<div class=\"elementor-element elementor-element-45828394 e-flex e-con-boxed e-con e-parent\" data-id=\"45828394\" data-element_type=\"container\">\n\t\t\t\t\t<div class=\"e-con-inner\">\n\t\t<div class=\"elementor-element elementor-element-5719470a e-con-full e-flex e-con e-child\" data-id=\"5719470a\" data-element_type=\"container\" data-settings=\"{&quot;background_background&quot;:&quot;classic&quot;}\">\n\t\t<div class=\"elementor-element elementor-element-4a2bb0cd e-con-full e-flex e-con e-child\" data-id=\"4a2bb0cd\" data-element_type=\"container\">\n\t\t\t\t<div class=\"elementor-element elementor-element-15c19081 elementor-widget elementor-widget-delishs_food_menu_two\" data-id=\"15c19081\" data-element_type=\"widget\" data-widget_type=\"delishs_food_menu_two.default\">\n\t\t\t\t<div class=\"elementor-widget-container\">\n\t\t\t\t\t\r\n            \r\n                <div class=\"reservation-2__item\">\r\n                    <div class=\"reservation-2__item-media\">\r\n                        <img decoding=\"async\" src=\"https:\/\/16artrestaurant.com\/wp-content\/uploads\/2024\/08\/food-1.png\" class=\"img-fluid\" alt=\"\">\r\n                    <\/div>\r\n                    <div class=\"reservation-2__item-wrapper\">\r\n                        <div class=\"reservation-2__item-text\">\r\n                            <h6>\r\n                                <a href=\"https:\/\/16artrestaurant.com\/fr\/shop-2\/\" target=\"_self\" rel=\"nofollow\" class=\"\">\r\n                                    Wild Mushroom Arancini                                <\/a>\r\n                            <\/h6>\r\n                            <span>&#8356;18.00<\/span>\r\n                        <\/div>\r\n                        <p>Ricotta, fromage de ch\u00e8vre, betterave et dateline.<\/p>\r\n                    <\/div>\r\n                <\/div>\r\n            \r\n            \r\n        \t\t\t\t<\/div>\n\t\t\t\t<\/div>\n\t\t\t\t<div class=\"elementor-element elementor-element-4483919 elementor-widget elementor-widget-delishs_food_menu_two\" data-id=\"4483919\" data-element_type=\"widget\" data-widget_type=\"delishs_food_menu_two.default\">\n\t\t\t\t<div class=\"elementor-widget-container\">\n\t\t\t\t\t\r\n            \r\n                <div class=\"reservation-2__item\">\r\n                    <div class=\"reservation-2__item-media\">\r\n                        <img decoding=\"async\" src=\"https:\/\/16artrestaurant.com\/wp-content\/uploads\/2024\/08\/food-2.png\" class=\"img-fluid\" alt=\"\">\r\n                    <\/div>\r\n                    <div class=\"reservation-2__item-wrapper\">\r\n                        <div class=\"reservation-2__item-text\">\r\n                            <h6>\r\n                                <a href=\"https:\/\/16artrestaurant.com\/fr\/shop-2\/\" target=\"_self\" rel=\"nofollow\" class=\"\">\r\n                                    Truffle Mushroom Risotto                                <\/a>\r\n                            <\/h6>\r\n                            <span>&#8356;64.00<\/span>\r\n                        <\/div>\r\n                        <p>Ricotta, fromage de ch\u00e8vre, betterave et dateline.<\/p>\r\n                    <\/div>\r\n                <\/div>\r\n            \r\n            \r\n        \t\t\t\t<\/div>\n\t\t\t\t<\/div>\n\t\t\t\t<div class=\"elementor-element elementor-element-7381366f elementor-widget elementor-widget-delishs_food_menu_two\" data-id=\"7381366f\" data-element_type=\"widget\" data-widget_type=\"delishs_food_menu_two.default\">\n\t\t\t\t<div class=\"elementor-widget-container\">\n\t\t\t\t\t\r\n            \r\n                <div class=\"reservation-2__item\">\r\n                    <div class=\"reservation-2__item-media\">\r\n                        <img decoding=\"async\" src=\"https:\/\/16artrestaurant.com\/wp-content\/uploads\/2024\/08\/food-3.png\" class=\"img-fluid\" alt=\"\">\r\n                    <\/div>\r\n                    <div class=\"reservation-2__item-wrapper\">\r\n                        <div class=\"reservation-2__item-text\">\r\n                            <h6>\r\n                                <a href=\"https:\/\/16artrestaurant.com\/fr\/shop-2\/\" target=\"_self\" rel=\"nofollow\" class=\"\">\r\n                                     C\u00f4tes courtes brais\u00e9es                                <\/a>\r\n                            <\/h6>\r\n                            <span>&#8356;18.00<\/span>\r\n                        <\/div>\r\n                        <p>Ricotta, fromage de ch\u00e8vre, betterave et dateline.<\/p>\r\n                    <\/div>\r\n                <\/div>\r\n            \r\n            \r\n        \t\t\t\t<\/div>\n\t\t\t\t<\/div>\n\t\t\t\t<div class=\"elementor-element elementor-element-1cefda1b elementor-widget elementor-widget-delishs_food_menu_two\" data-id=\"1cefda1b\" data-element_type=\"widget\" data-widget_type=\"delishs_food_menu_two.default\">\n\t\t\t\t<div class=\"elementor-widget-container\">\n\t\t\t\t\t\r\n            \r\n                <div class=\"reservation-2__item\">\r\n                    <div class=\"reservation-2__item-media\">\r\n                        <img decoding=\"async\" src=\"https:\/\/16artrestaurant.com\/wp-content\/uploads\/2024\/08\/food-4.png\" class=\"img-fluid\" alt=\"\">\r\n                    <\/div>\r\n                    <div class=\"reservation-2__item-wrapper\">\r\n                        <div class=\"reservation-2__item-text\">\r\n                            <h6>\r\n                                <a href=\"https:\/\/16artrestaurant.com\/fr\/shop-2\/\" target=\"_self\" rel=\"nofollow\" class=\"\">\r\n                                    Freshly Squeezed Juices                                <\/a>\r\n                            <\/h6>\r\n                            <span>&#8356;46.00<\/span>\r\n                        <\/div>\r\n                        <p>Ricotta, fromage de ch\u00e8vre, betterave et dateline.<\/p>\r\n                    <\/div>\r\n                <\/div>\r\n            \r\n            \r\n        \t\t\t\t<\/div>\n\t\t\t\t<\/div>\n\t\t\t\t<\/div>\n\t\t<div class=\"elementor-element elementor-element-57027c5c e-con-full e-flex e-con e-child\" data-id=\"57027c5c\" data-element_type=\"container\">\n\t\t\t\t<div class=\"elementor-element elementor-element-68c27376 elementor-widget elementor-widget-delishs_food_menu_two\" data-id=\"68c27376\" data-element_type=\"widget\" data-widget_type=\"delishs_food_menu_two.default\">\n\t\t\t\t<div class=\"elementor-widget-container\">\n\t\t\t\t\t\r\n            \r\n                <div class=\"reservation-2__item\">\r\n                    <div class=\"reservation-2__item-media\">\r\n                        <img decoding=\"async\" src=\"https:\/\/16artrestaurant.com\/wp-content\/uploads\/2024\/08\/food-5.png\" class=\"img-fluid\" alt=\"\">\r\n                    <\/div>\r\n                    <div class=\"reservation-2__item-wrapper\">\r\n                        <div class=\"reservation-2__item-text\">\r\n                            <h6>\r\n                                <a href=\"https:\/\/16artrestaurant.com\/fr\/shop-2\/\" target=\"_self\" rel=\"nofollow\" class=\"\">\r\n                                     Honey Glazed Salmon                                <\/a>\r\n                            <\/h6>\r\n                            <span>&#8356;17.00<\/span>\r\n                        <\/div>\r\n                        <p>Ricotta, fromage de ch\u00e8vre, betterave et dateline.<\/p>\r\n                    <\/div>\r\n                <\/div>\r\n            \r\n            \r\n        \t\t\t\t<\/div>\n\t\t\t\t<\/div>\n\t\t\t\t<div class=\"elementor-element elementor-element-5f4ed371 elementor-widget elementor-widget-delishs_food_menu_two\" data-id=\"5f4ed371\" data-element_type=\"widget\" data-widget_type=\"delishs_food_menu_two.default\">\n\t\t\t\t<div class=\"elementor-widget-container\">\n\t\t\t\t\t\r\n            \r\n                <div class=\"reservation-2__item\">\r\n                    <div class=\"reservation-2__item-media\">\r\n                        <img decoding=\"async\" src=\"https:\/\/16artrestaurant.com\/wp-content\/uploads\/2024\/08\/food-6.png\" class=\"img-fluid\" alt=\"\">\r\n                    <\/div>\r\n                    <div class=\"reservation-2__item-wrapper\">\r\n                        <div class=\"reservation-2__item-text\">\r\n                            <h6>\r\n                                <a href=\"https:\/\/16artrestaurant.com\/fr\/shop-2\/\" target=\"_self\" rel=\"nofollow\" class=\"\">\r\n                                    Mediterranean Quinoa Salad                                <\/a>\r\n                            <\/h6>\r\n                            <span>\u20a425.00<\/span>\r\n                        <\/div>\r\n                        <p>Ricotta, fromage de ch\u00e8vre, betterave et dateline.<\/p>\r\n                    <\/div>\r\n                <\/div>\r\n            \r\n            \r\n        \t\t\t\t<\/div>\n\t\t\t\t<\/div>\n\t\t\t\t<div class=\"elementor-element elementor-element-38976862 elementor-widget elementor-widget-delishs_food_menu_two\" data-id=\"38976862\" data-element_type=\"widget\" data-widget_type=\"delishs_food_menu_two.default\">\n\t\t\t\t<div class=\"elementor-widget-container\">\n\t\t\t\t\t\r\n            \r\n                <div class=\"reservation-2__item\">\r\n                    <div class=\"reservation-2__item-media\">\r\n                        <img decoding=\"async\" src=\"https:\/\/16artrestaurant.com\/wp-content\/uploads\/2024\/08\/food-1.png\" class=\"img-fluid\" alt=\"\">\r\n                    <\/div>\r\n                    <div class=\"reservation-2__item-wrapper\">\r\n                        <div class=\"reservation-2__item-text\">\r\n                            <h6>\r\n                                <a href=\"https:\/\/16artrestaurant.com\/fr\/shop-2\/\" target=\"_self\" rel=\"nofollow\" class=\"\">\r\n                                    Roasted Vegetable Platter                                <\/a>\r\n                            <\/h6>\r\n                            <span>&#8356;85.00<\/span>\r\n                        <\/div>\r\n                        <p>Ricotta, fromage de ch\u00e8vre, betterave et dateline.<\/p>\r\n                    <\/div>\r\n                <\/div>\r\n            \r\n            \r\n        \t\t\t\t<\/div>\n\t\t\t\t<\/div>\n\t\t\t\t<div class=\"elementor-element elementor-element-5c9df68f elementor-widget elementor-widget-delishs_food_menu_two\" data-id=\"5c9df68f\" data-element_type=\"widget\" data-widget_type=\"delishs_food_menu_two.default\">\n\t\t\t\t<div class=\"elementor-widget-container\">\n\t\t\t\t\t\r\n            \r\n                <div class=\"reservation-2__item\">\r\n                    <div class=\"reservation-2__item-media\">\r\n                        <img decoding=\"async\" src=\"https:\/\/16artrestaurant.com\/wp-content\/uploads\/2024\/08\/food-2.png\" class=\"img-fluid\" alt=\"\">\r\n                    <\/div>\r\n                    <div class=\"reservation-2__item-wrapper\">\r\n                        <div class=\"reservation-2__item-text\">\r\n                            <h6>\r\n                                <a href=\"https:\/\/16artrestaurant.com\/fr\/shop-2\/\" target=\"_self\" rel=\"nofollow\" class=\"\">\r\n                                    Roasted Vegetable Platter                                <\/a>\r\n                            <\/h6>\r\n                            <span>&#8356;86.00<\/span>\r\n                        <\/div>\r\n                        <p>Ricotta, fromage de ch\u00e8vre, betterave et dateline.<\/p>\r\n                    <\/div>\r\n                <\/div>\r\n            \r\n            \r\n        \t\t\t\t<\/div>\n\t\t\t\t<\/div>\n\t\t\t\t<\/div>\n\t\t\t\t<\/div>\n\t\t\t\t\t<\/div>\n\t\t\t\t<\/div>\n\t\t\t\t<\/div>","protected":false},"excerpt":{"rendered":"<p>Ana Men\u00fcye D\u00f6n Wild Mushroom Arancini &#8356;18.00 Ricotta, goat cheese, beetroot and dateline. Truffle Mushroom Risotto &#8356;64.00 Ricotta, goat cheese, beetroot and dateline. Braised Short Ribs &#8356;18.00 Ricotta, goat cheese, beetroot and dateline. Freshly Squeezed Juices &#8356;46.00 Ricotta, goat cheese, beetroot and dateline. Honey Glazed Salmon &#8356;17.00 Ricotta, goat cheese, beetroot and dateline. Mediterranean Quinoa [&hellip;]<\/p>","protected":false},"author":1,"featured_media":0,"parent":0,"menu_order":0,"comment_status":"closed","ping_status":"closed","template":"","meta":{"_acf_changed":false,"_monsterinsights_skip_tracking":false,"_monsterinsights_sitenote_active":false,"_monsterinsights_sitenote_note":"","_monsterinsights_sitenote_category":0,"footnotes":""},"class_list":["post-1105","page","type-page","status-publish","hentry"],"acf":[],"aioseo_notices":[],"_hostinger_reach_plugin_has_subscription_block":false,"_hostinger_reach_plugin_is_elementor":false,"_links":{"self":[{"href":"https:\/\/16artrestaurant.com\/fr\/wp-json\/wp\/v2\/pages\/1105","targetHints":{"allow":["GET"]}}],"collection":[{"href":"https:\/\/16artrestaurant.com\/fr\/wp-json\/wp\/v2\/pages"}],"about":[{"href":"https:\/\/16artrestaurant.com\/fr\/wp-json\/wp\/v2\/types\/page"}],"author":[{"embeddable":true,"href":"https:\/\/16artrestaurant.com\/fr\/wp-json\/wp\/v2\/users\/1"}],"replies":[{"embeddable":true,"href":"https:\/\/16artrestaurant.com\/fr\/wp-json\/wp\/v2\/comments?post=1105"}],"version-history":[{"count":7,"href":"https:\/\/16artrestaurant.com\/fr\/wp-json\/wp\/v2\/pages\/1105\/revisions"}],"predecessor-version":[{"id":1298,"href":"https:\/\/16artrestaurant.com\/fr\/wp-json\/wp\/v2\/pages\/1105\/revisions\/1298"}],"wp:attachment":[{"href":"https:\/\/16artrestaurant.com\/fr\/wp-json\/wp\/v2\/media?parent=1105"}],"curies":[{"name":"wp","href":"https:\/\/api.w.org\/{rel}","templated":true}]}}